{"id":63,"date":"2024-06-05T15:01:11","date_gmt":"2024-06-05T19:01:11","guid":{"rendered":"https:\/\/ppgep-faeng.ufms.br\/?page_id=63"},"modified":"2024-06-05T15:01:42","modified_gmt":"2024-06-05T19:01:42","slug":"resultado-preliminar-das-inscricoes-2024-2","status":"publish","type":"page","link":"https:\/\/ppgep-faeng.ufms.br\/en\/resultado-preliminar-das-inscricoes-2024-2\/","title":{"rendered":"Resultado Preliminar das Inscri\u00e7\u00f5es \u2013 2024\/2"},"content":{"rendered":"<p>Informamos que o Resultado Preliminar dos Candidatos Inscritos no Processo Seletivo do Mestrado foi divulgado pelo Edital n\u00ba 197\/2024 PROPP\/UFMS.<\/p>\n<p><strong>O n\u00famero de inscri\u00e7\u00e3o (protocolo) est\u00e1 dispon\u00edvel em \u201cMinhas Inscri\u00e7\u00f5es\u201d no\u00a0<a href=\"https:\/\/posgraduacao.ufms.br\/portal\" target=\"_blank\" rel=\"noopener\">Portal da P\u00f3s-Gradua\u00e7\u00e3o<\/a>.<\/strong><\/p>\n<p>Para os candidatos que desejarem interpor recurso administrativo do resultado preliminar dos candidatos inscritos dever\u00e3o faz\u00ea-lo no per\u00edodo de\u00a0<strong>05 a 06 de junho de 2024.<\/strong><\/p>\n<p>Conforme itens 10.1 e 10.2 do\u00a0<a href=\"https:\/\/propp.ufms.br\/files\/2024\/05\/Edital-Unificado-cursos-novos-RETIFICADO-191.pdf\">EDITAL UFMS\/PROPP N\u00ba 152\/2024<\/a>, \u00a0o recurso administrativo referente \u00e0s inscri\u00e7\u00f5es dever\u00e1 ser encaminhado para\u00a0<a href=\"mailto:selecao.propp@ufms.br\">selecao.propp@ufms.br<\/a>, contendo o requerimento dispon\u00edvel no Anexo VII do Edital n\u00ba 152\/2024 UFMS\/PROPP e no assunto do e-mail \u201cRECURSO RESULTADO PRELIMINAR DOS CANDIDATOS INSCRITOS \u2013 CURSOS NOVOS\u201d.<\/p>\n<p>N\u00e3o ser\u00e3o aceitos recursos enviados fora do prazo, por outro meio ou para outro e-mail diverso do que foi estabelecido no Edital de Sele\u00e7\u00e3o e no Edital de Resultado Preliminar dos inscritos emitidos pela Propp.<\/p>\n<p>As publica\u00e7\u00f5es referentes ao Edital est\u00e3o sendo feitas em p\u00e1gina espec\u00edfica.\u00a0<a href=\"https:\/\/propp.ufms.br\/diretorias\/edital-de-processo-seletivo-para-ingresso-em-cursos-novos\/\" target=\"_blank\" rel=\"noopener\">Acesse aqui<\/a>\u00a0para ver o edital e acompanhar as publica\u00e7\u00f5es.<\/p>\n<p>Foram divulgadas orienta\u00e7\u00f5es para a realiza\u00e7\u00e3o da Prova de L\u00ednguas no AVA,\u00a0<a href=\"https:\/\/propp.ufms.br\/files\/2024\/06\/00-ORIENTACOES-PARA-PROVA-DE-LINGUAS-Edital-Unificado-2024-2-Cursos-Novos-e-Alunos-regulares.pdf\" target=\"_blank\" rel=\"noopener\">acesse aqui<\/a>\u00a0ou na\u00a0<a href=\"https:\/\/propp.ufms.br\/diretorias\/edital-de-processo-seletivo-para-ingresso-em-cursos-novos\/\">p\u00e1gina espec\u00edfica<\/a>\u00a0do Processo Seletivo Unificado 2024\/2 \u2013 Cursos Novos.<\/p>\n<p>&nbsp;<\/p>\n<p>Veja o\u00a0<a href=\"https:\/\/propp.ufms.br\/files\/2024\/06\/197.pdf\" target=\"_blank\" rel=\"noopener\"><strong>Edital de Resultado Preliminar dos Candidatos Inscritos\u00a0<\/strong><\/a>na \u00edntegra.<\/p>\n","protected":false},"excerpt":{"rendered":"<p>Informamos que o Resultado Preliminar dos Candidatos Inscritos no Processo Seletivo do Mestrado foi divulgado pelo Edital n\u00ba 197\/2024 PROPP\/UFMS. O n\u00famero de inscri\u00e7\u00e3o (protocolo) est\u00e1 dispon\u00edvel em \u201cMinhas Inscri\u00e7\u00f5es\u201d no\u00a0Portal da P\u00f3s-Gradua\u00e7\u00e3o. Para os candidatos que desejarem interpor recurso administrativo do resultado preliminar dos candidatos inscritos dever\u00e3o faz\u00ea-lo no per\u00edodo de\u00a005 a 06 de [&hellip;]<\/p>\n","protected":false},"author":3073,"featured_media":0,"parent":0,"menu_order":0,"comment_status":"closed","ping_status":"closed","template":"","meta":{"footnotes":""},"coauthors":[],"class_list":["post-63","page","type-page","status-publish","hentry"],"_links":{"self":[{"href":"https:\/\/ppgep-faeng.ufms.br\/en\/wp-json\/wp\/v2\/pages\/63","targetHints":{"allow":["GET"]}}],"collection":[{"href":"https:\/\/ppgep-faeng.ufms.br\/en\/wp-json\/wp\/v2\/pages"}],"about":[{"href":"https:\/\/ppgep-faeng.ufms.br\/en\/wp-json\/wp\/v2\/types\/page"}],"author":[{"embeddable":true,"href":"https:\/\/ppgep-faeng.ufms.br\/en\/wp-json\/wp\/v2\/users\/3073"}],"replies":[{"embeddable":true,"href":"https:\/\/ppgep-faeng.ufms.br\/en\/wp-json\/wp\/v2\/comments?post=63"}],"version-history":[{"count":1,"href":"https:\/\/ppgep-faeng.ufms.br\/en\/wp-json\/wp\/v2\/pages\/63\/revisions"}],"predecessor-version":[{"id":64,"href":"https:\/\/ppgep-faeng.ufms.br\/en\/wp-json\/wp\/v2\/pages\/63\/revisions\/64"}],"wp:attachment":[{"href":"https:\/\/ppgep-faeng.ufms.br\/en\/wp-json\/wp\/v2\/media?parent=63"}],"wp:term":[{"taxonomy":"author","embeddable":true,"href":"https:\/\/ppgep-faeng.ufms.br\/en\/wp-json\/wp\/v2\/coauthors?post=63"}],"curies":[{"name":"wp","href":"https:\/\/api.w.org\/{rel}","templated":true}]}}