{"id":53,"date":"2024-04-24T10:08:19","date_gmt":"2024-04-24T14:08:19","guid":{"rendered":"https:\/\/ppgep-faeng.ufms.br\/?page_id=53"},"modified":"2026-02-05T16:58:58","modified_gmt":"2026-02-05T20:58:58","slug":"estrutura-curricular","status":"publish","type":"page","link":"https:\/\/ppgep-faeng.ufms.br\/en\/estrutura-curricular\/","title":{"rendered":"Estrutura Curricular"},"content":{"rendered":"<p><span style=\"font-size: 14pt\"><b>\u00c1rea de Concentra\u00e7\u00e3o: Ger\u00eancia da Produ\u00e7\u00e3o<\/b><\/span><\/p>\n<p>Acesse <a href=\"https:\/\/ppgep-faeng.ufms.br\/files\/2026\/02\/estrutura_2026_v3.pdf\">aqui<\/a> a nova estrutura curricular do curso.<\/p>\n<a href=\"https:\/\/ppgep-faeng.ufms.br\/files\/2026\/02\/estrutura_2026_v3.pdf\" class=\"pdfemb-viewer\" style=\"\" data-width=\"max\" data-height=\"max\" data-toolbar=\"bottom\" data-toolbar-fixed=\"off\">estrutura_2026_v3<\/a>\n","protected":false},"excerpt":{"rendered":"<p>\u00c1rea de Concentra\u00e7\u00e3o: Ger\u00eancia da Produ\u00e7\u00e3o Acesse aqui a nova estrutura curricular do curso.<\/p>\n","protected":false},"author":3073,"featured_media":0,"parent":0,"menu_order":0,"comment_status":"closed","ping_status":"closed","template":"","meta":{"footnotes":""},"coauthors":[8],"class_list":["post-53","page","type-page","status-publish","hentry"],"_links":{"self":[{"href":"https:\/\/ppgep-faeng.ufms.br\/en\/wp-json\/wp\/v2\/pages\/53","targetHints":{"allow":["GET"]}}],"collection":[{"href":"https:\/\/ppgep-faeng.ufms.br\/en\/wp-json\/wp\/v2\/pages"}],"about":[{"href":"https:\/\/ppgep-faeng.ufms.br\/en\/wp-json\/wp\/v2\/types\/page"}],"author":[{"embeddable":true,"href":"https:\/\/ppgep-faeng.ufms.br\/en\/wp-json\/wp\/v2\/users\/3073"}],"replies":[{"embeddable":true,"href":"https:\/\/ppgep-faeng.ufms.br\/en\/wp-json\/wp\/v2\/comments?post=53"}],"version-history":[{"count":7,"href":"https:\/\/ppgep-faeng.ufms.br\/en\/wp-json\/wp\/v2\/pages\/53\/revisions"}],"predecessor-version":[{"id":358,"href":"https:\/\/ppgep-faeng.ufms.br\/en\/wp-json\/wp\/v2\/pages\/53\/revisions\/358"}],"wp:attachment":[{"href":"https:\/\/ppgep-faeng.ufms.br\/en\/wp-json\/wp\/v2\/media?parent=53"}],"wp:term":[{"taxonomy":"author","embeddable":true,"href":"https:\/\/ppgep-faeng.ufms.br\/en\/wp-json\/wp\/v2\/coauthors?post=53"}],"curies":[{"name":"wp","href":"https:\/\/api.w.org\/{rel}","templated":true}]}}