{"id":48,"date":"2024-04-24T09:17:42","date_gmt":"2024-04-24T13:17:42","guid":{"rendered":"https:\/\/ppgep-faeng.ufms.br\/?page_id=48"},"modified":"2024-04-24T09:17:42","modified_gmt":"2024-04-24T13:17:42","slug":"planejamento-estrategico","status":"publish","type":"page","link":"https:\/\/ppgep-faeng.ufms.br\/en\/planejamento-estrategico\/","title":{"rendered":"Planejamento Estrat\u00e9gico"},"content":{"rendered":"<h2><\/h2>\n<h2>Miss\u00e3o<\/h2>\n<p>Desenvolver e promover a produ\u00e7\u00e3o e difus\u00e3o do conhecimento cient\u00edfico, tecnol\u00f3gico, formando profissionais qualificados para a transforma\u00e7\u00e3o da sociedade, industrializa\u00e7\u00e3o e o crescimento sustent\u00e1vel do pa\u00eds.<\/p>\n<h2><\/h2>\n<h2>Vis\u00e3o<\/h2>\n<p>O Programa de P\u00f3s-Gradua\u00e7\u00e3o em Engenharia de Produ\u00e7\u00e3o (FAENG\/UFMS) ser\u00e1 reconhecido, nacional e internacionalmente, pela excel\u00eancia de suas pesquisas, pela sua produ\u00e7\u00e3o cient\u00edfica e pelo impacto social das suas atividades.<\/p>\n<h2><\/h2>\n<h2>Valores<\/h2>\n<p>\u00c9tica, Interdisciplinaridade, Profissionalismo e Sustentabilidade.<\/p>\n","protected":false},"excerpt":{"rendered":"<p>Miss\u00e3o Desenvolver e promover a produ\u00e7\u00e3o e difus\u00e3o do conhecimento cient\u00edfico, tecnol\u00f3gico, formando profissionais qualificados para a transforma\u00e7\u00e3o da sociedade, industrializa\u00e7\u00e3o e o crescimento sustent\u00e1vel do pa\u00eds. Vis\u00e3o O Programa de P\u00f3s-Gradua\u00e7\u00e3o em Engenharia de Produ\u00e7\u00e3o (FAENG\/UFMS) ser\u00e1 reconhecido, nacional e internacionalmente, pela excel\u00eancia de suas pesquisas, pela sua produ\u00e7\u00e3o cient\u00edfica e pelo impacto social [&hellip;]<\/p>\n","protected":false},"author":3073,"featured_media":0,"parent":0,"menu_order":0,"comment_status":"closed","ping_status":"closed","template":"","meta":{"footnotes":""},"coauthors":[],"class_list":["post-48","page","type-page","status-publish","hentry"],"_links":{"self":[{"href":"https:\/\/ppgep-faeng.ufms.br\/en\/wp-json\/wp\/v2\/pages\/48","targetHints":{"allow":["GET"]}}],"collection":[{"href":"https:\/\/ppgep-faeng.ufms.br\/en\/wp-json\/wp\/v2\/pages"}],"about":[{"href":"https:\/\/ppgep-faeng.ufms.br\/en\/wp-json\/wp\/v2\/types\/page"}],"author":[{"embeddable":true,"href":"https:\/\/ppgep-faeng.ufms.br\/en\/wp-json\/wp\/v2\/users\/3073"}],"replies":[{"embeddable":true,"href":"https:\/\/ppgep-faeng.ufms.br\/en\/wp-json\/wp\/v2\/comments?post=48"}],"version-history":[{"count":1,"href":"https:\/\/ppgep-faeng.ufms.br\/en\/wp-json\/wp\/v2\/pages\/48\/revisions"}],"predecessor-version":[{"id":49,"href":"https:\/\/ppgep-faeng.ufms.br\/en\/wp-json\/wp\/v2\/pages\/48\/revisions\/49"}],"wp:attachment":[{"href":"https:\/\/ppgep-faeng.ufms.br\/en\/wp-json\/wp\/v2\/media?parent=48"}],"wp:term":[{"taxonomy":"author","embeddable":true,"href":"https:\/\/ppgep-faeng.ufms.br\/en\/wp-json\/wp\/v2\/coauthors?post=48"}],"curies":[{"name":"wp","href":"https:\/\/api.w.org\/{rel}","templated":true}]}}