{"id":33,"date":"2024-04-23T16:45:02","date_gmt":"2024-04-23T20:45:02","guid":{"rendered":"https:\/\/ppgep-faeng.ufms.br\/?page_id=33"},"modified":"2024-04-23T16:45:02","modified_gmt":"2024-04-23T20:45:02","slug":"linhas-de-pesquisa","status":"publish","type":"page","link":"https:\/\/ppgep-faeng.ufms.br\/en\/linhas-de-pesquisa\/","title":{"rendered":"Linhas de pesquisa"},"content":{"rendered":"<p>O curso de Mestrado acad\u00eamico em Engenharia de Produ\u00e7\u00e3o do PPGEP\/FAENG possui car\u00e1ter interdisciplinar com atua\u00e7\u00e3o na \u00e1rea de concentra\u00e7\u00e3o Ger\u00eancia da Produ\u00e7\u00e3o e linhas de pesquisa Planejamento e Gest\u00e3o de Processos (PGP) e Otimiza\u00e7\u00e3o de Sistemas Produtivos (OSP).<\/p>\n<p>A \u00e1rea de concentra\u00e7\u00e3o Ger\u00eancia da Produ\u00e7\u00e3o apresenta uma contribui\u00e7\u00e3o inovadora no Pa\u00eds no que se refere ao Mestrado acad\u00eamico em Engenharia de Produ\u00e7\u00e3o, pois explora as interfaces existentes entre a perspectiva gerencial, as mudan\u00e7as tecnol\u00f3gicas, a ger\u00eancia da<br \/>\nqualidade, a organiza\u00e7\u00e3o do trabalho, modelagem matem\u00e1tica, ger\u00eancia de projetos, coordena\u00e7\u00e3o de cadeias de produ\u00e7\u00e3o, sustentabilidade e gest\u00e3o ambiental. Tal perspectiva incorpora necessariamente conhecimentos gerados sobre esses temas em \u00e1reas afins \u00e0 Engenharia de Produ\u00e7\u00e3o, como a Administra\u00e7\u00e3o, a Economia, as Ci\u00eancias da Computa\u00e7\u00e3o e Matem\u00e1tica, e as Ci\u00eancias Sociais e da Sa\u00fade. Este enfoque propicia a indica\u00e7\u00e3o de pol\u00edticas, estrat\u00e9gias, programas e a\u00e7\u00f5es adequadas para empresas, cadeias de produ\u00e7\u00e3o, setores empresariais e institui\u00e7\u00f5es governamentais.<\/p>\n<p>&nbsp;<\/p>\n<h2>Linha de Pesquisa 1:\u00a0 Planejamento e Gest\u00e3o de Processos (PGP)<\/h2>\n<p>A linha de pesquisa Planejamento e Gest\u00e3o de Processos tem por objetivo gerar e difundir conhecimentos sobre projeto e planejamento de processos produtivos, bem como o seu alinhamento com todo o sistema produtivo. Trata de quest\u00f5es relativas ao bom desempenho de produtos e processos, desde o desenvolvimento de projeto de f\u00e1brica e produtos at\u00e9 os servi\u00e7os p\u00f3s-venda.<\/p>\n<p>&nbsp;<\/p>\n<h2>Linha de Pesquisa 2: Otimiza\u00e7\u00e3o de Sistemas Produtivos (OSP)<\/h2>\n<p>A linha de pesquisa Otimiza\u00e7\u00e3o de Sistemas Produtivos (OSP) dedica-se ao projeto e \u00e0 gest\u00e3o do sistema produtivo (bens e servi\u00e7os) com o objetivo de melhorar o fluxo de materiais e informa\u00e7\u00f5es, bem como o desempenho do sistema. Os professores que atuam nesta \u00e1rea ir\u00e3o desenvolver trabalhos e orienta\u00e7\u00f5es em diversos ramos de\u00a0 atividade, entre eles: agroind\u00fastria, alimentos, cal\u00e7ados, metalmec\u00e2nica, transporte e outros servi\u00e7os. Os problemas s\u00e3o estudados pelas seguintes abordagens: estrat\u00e9gica, pr\u00e1ticas gerenciais, m\u00e9todos quantitativos e computacionais.<\/p>\n","protected":false},"excerpt":{"rendered":"<p>O curso de Mestrado acad\u00eamico em Engenharia de Produ\u00e7\u00e3o do PPGEP\/FAENG possui car\u00e1ter interdisciplinar com atua\u00e7\u00e3o na \u00e1rea de concentra\u00e7\u00e3o Ger\u00eancia da Produ\u00e7\u00e3o e linhas de pesquisa Planejamento e Gest\u00e3o de Processos (PGP) e Otimiza\u00e7\u00e3o de Sistemas Produtivos (OSP). A \u00e1rea de concentra\u00e7\u00e3o Ger\u00eancia da Produ\u00e7\u00e3o apresenta uma contribui\u00e7\u00e3o inovadora no Pa\u00eds no que se [&hellip;]<\/p>\n","protected":false},"author":3073,"featured_media":0,"parent":0,"menu_order":0,"comment_status":"closed","ping_status":"closed","template":"","meta":{"footnotes":""},"coauthors":[],"class_list":["post-33","page","type-page","status-publish","hentry"],"_links":{"self":[{"href":"https:\/\/ppgep-faeng.ufms.br\/en\/wp-json\/wp\/v2\/pages\/33","targetHints":{"allow":["GET"]}}],"collection":[{"href":"https:\/\/ppgep-faeng.ufms.br\/en\/wp-json\/wp\/v2\/pages"}],"about":[{"href":"https:\/\/ppgep-faeng.ufms.br\/en\/wp-json\/wp\/v2\/types\/page"}],"author":[{"embeddable":true,"href":"https:\/\/ppgep-faeng.ufms.br\/en\/wp-json\/wp\/v2\/users\/3073"}],"replies":[{"embeddable":true,"href":"https:\/\/ppgep-faeng.ufms.br\/en\/wp-json\/wp\/v2\/comments?post=33"}],"version-history":[{"count":1,"href":"https:\/\/ppgep-faeng.ufms.br\/en\/wp-json\/wp\/v2\/pages\/33\/revisions"}],"predecessor-version":[{"id":34,"href":"https:\/\/ppgep-faeng.ufms.br\/en\/wp-json\/wp\/v2\/pages\/33\/revisions\/34"}],"wp:attachment":[{"href":"https:\/\/ppgep-faeng.ufms.br\/en\/wp-json\/wp\/v2\/media?parent=33"}],"wp:term":[{"taxonomy":"author","embeddable":true,"href":"https:\/\/ppgep-faeng.ufms.br\/en\/wp-json\/wp\/v2\/coauthors?post=33"}],"curies":[{"name":"wp","href":"https:\/\/api.w.org\/{rel}","templated":true}]}}