{"id":30,"date":"2024-04-23T16:24:55","date_gmt":"2024-04-23T20:24:55","guid":{"rendered":"https:\/\/ppgep-faeng.ufms.br\/?page_id=30"},"modified":"2024-04-24T09:21:41","modified_gmt":"2024-04-24T13:21:41","slug":"sobre","status":"publish","type":"page","link":"https:\/\/ppgep-faeng.ufms.br\/en\/sobre\/","title":{"rendered":"Objetivos do PPGEP"},"content":{"rendered":"<p>O Programa de P\u00f3s-Gradua\u00e7\u00e3o em Engenharia de Produ\u00e7\u00e3o (PPGEP) da Faculdade de Engenharias, Arquitetura e Urbanismo e Geografia (FAENG) da Universidade Federal de Mato Grosso do Sul (UFMS) foi criado em 2024 com o objetivo de ofertar um Curso de Mestrado na modalidade acad\u00eamica. O Programa contribui para a forma\u00e7\u00e3o de profissionais destinados a atuar em organiza\u00e7\u00f5es p\u00fablicas e privadas, na doc\u00eancia, pesquisa e extens\u00e3o.<\/p>\n<p>O PPGEP visa\u00a0 fomentar o setor produtivo nacional de empresas de manufatura, servi\u00e7os e terceiro setor, p\u00fablicas e privadas, com profissionais capacitados em ferramentas e m\u00e9todos que possibilitem que os mesmos desenvolvam trabalhos com resultados pr\u00e1ticos, estimulando o desenvolvimento das organiza\u00e7\u00f5es. Tamb\u00e9m \u00e9 objetivo desenvolver o dom\u00ednio dos instrumentos conceituais e metodol\u00f3gicos da \u00e1rea de pesquisa, tornando-o um pesquisador com senso cr\u00edtico e voltado para a resolu\u00e7\u00e3o de problemas.<\/p>\n<p>&nbsp;<\/p>\n","protected":false},"excerpt":{"rendered":"<p>O Programa de P\u00f3s-Gradua\u00e7\u00e3o em Engenharia de Produ\u00e7\u00e3o (PPGEP) da Faculdade de Engenharias, Arquitetura e Urbanismo e Geografia (FAENG) da Universidade Federal de Mato Grosso do Sul (UFMS) foi criado em 2024 com o objetivo de ofertar um Curso de Mestrado na modalidade acad\u00eamica. O Programa contribui para a forma\u00e7\u00e3o de profissionais destinados a atuar [&hellip;]<\/p>\n","protected":false},"author":3073,"featured_media":0,"parent":0,"menu_order":0,"comment_status":"closed","ping_status":"closed","template":"","meta":{"footnotes":""},"coauthors":[],"class_list":["post-30","page","type-page","status-publish","hentry"],"_links":{"self":[{"href":"https:\/\/ppgep-faeng.ufms.br\/en\/wp-json\/wp\/v2\/pages\/30","targetHints":{"allow":["GET"]}}],"collection":[{"href":"https:\/\/ppgep-faeng.ufms.br\/en\/wp-json\/wp\/v2\/pages"}],"about":[{"href":"https:\/\/ppgep-faeng.ufms.br\/en\/wp-json\/wp\/v2\/types\/page"}],"author":[{"embeddable":true,"href":"https:\/\/ppgep-faeng.ufms.br\/en\/wp-json\/wp\/v2\/users\/3073"}],"replies":[{"embeddable":true,"href":"https:\/\/ppgep-faeng.ufms.br\/en\/wp-json\/wp\/v2\/comments?post=30"}],"version-history":[{"count":5,"href":"https:\/\/ppgep-faeng.ufms.br\/en\/wp-json\/wp\/v2\/pages\/30\/revisions"}],"predecessor-version":[{"id":52,"href":"https:\/\/ppgep-faeng.ufms.br\/en\/wp-json\/wp\/v2\/pages\/30\/revisions\/52"}],"wp:attachment":[{"href":"https:\/\/ppgep-faeng.ufms.br\/en\/wp-json\/wp\/v2\/media?parent=30"}],"wp:term":[{"taxonomy":"author","embeddable":true,"href":"https:\/\/ppgep-faeng.ufms.br\/en\/wp-json\/wp\/v2\/coauthors?post=30"}],"curies":[{"name":"wp","href":"https:\/\/api.w.org\/{rel}","templated":true}]}}