{"id":295,"date":"2025-11-07T18:16:32","date_gmt":"2025-11-07T22:16:32","guid":{"rendered":"https:\/\/ppgep-faeng.ufms.br\/?page_id=295"},"modified":"2025-11-07T18:16:32","modified_gmt":"2025-11-07T22:16:32","slug":"acoes-de-internacionalizacao","status":"publish","type":"page","link":"https:\/\/ppgep-faeng.ufms.br\/en\/acoes-de-internacionalizacao\/","title":{"rendered":"A\u00e7\u00f5es de Internacionaliza\u00e7\u00e3o"},"content":{"rendered":"","protected":false},"excerpt":{"rendered":"","protected":false},"author":18532,"featured_media":0,"parent":0,"menu_order":0,"comment_status":"closed","ping_status":"closed","template":"","meta":{"footnotes":""},"coauthors":[],"class_list":["post-295","page","type-page","status-publish","hentry"],"_links":{"self":[{"href":"https:\/\/ppgep-faeng.ufms.br\/en\/wp-json\/wp\/v2\/pages\/295","targetHints":{"allow":["GET"]}}],"collection":[{"href":"https:\/\/ppgep-faeng.ufms.br\/en\/wp-json\/wp\/v2\/pages"}],"about":[{"href":"https:\/\/ppgep-faeng.ufms.br\/en\/wp-json\/wp\/v2\/types\/page"}],"author":[{"embeddable":true,"href":"https:\/\/ppgep-faeng.ufms.br\/en\/wp-json\/wp\/v2\/users\/18532"}],"replies":[{"embeddable":true,"href":"https:\/\/ppgep-faeng.ufms.br\/en\/wp-json\/wp\/v2\/comments?post=295"}],"version-history":[{"count":1,"href":"https:\/\/ppgep-faeng.ufms.br\/en\/wp-json\/wp\/v2\/pages\/295\/revisions"}],"predecessor-version":[{"id":304,"href":"https:\/\/ppgep-faeng.ufms.br\/en\/wp-json\/wp\/v2\/pages\/295\/revisions\/304"}],"wp:attachment":[{"href":"https:\/\/ppgep-faeng.ufms.br\/en\/wp-json\/wp\/v2\/media?parent=295"}],"wp:term":[{"taxonomy":"author","embeddable":true,"href":"https:\/\/ppgep-faeng.ufms.br\/en\/wp-json\/wp\/v2\/coauthors?post=295"}],"curies":[{"name":"wp","href":"https:\/\/api.w.org\/{rel}","templated":true}]}}