{"id":148,"date":"2024-08-19T10:36:06","date_gmt":"2024-08-19T14:36:06","guid":{"rendered":"https:\/\/ppgep-faeng.ufms.br\/?page_id=148"},"modified":"2026-02-05T17:07:03","modified_gmt":"2026-02-05T21:07:03","slug":"normas-e-regulamentos","status":"publish","type":"page","link":"https:\/\/ppgep-faeng.ufms.br\/en\/normas-e-regulamentos\/","title":{"rendered":"Normas e Regulamentos"},"content":{"rendered":"<h2>Regulamentos<\/h2>\n<p><a href=\"https:\/\/ppgep-faeng.ufms.br\/files\/2026\/02\/regulamento_ppgep_2026_v3.pdf\">Regulamento do curso de Mestrado em Engenharia de Produ\u00e7\u00e3o PPGEP\/FAENG<\/a><\/p>\n<h2><\/h2>\n<h2>Normas<\/h2>\n<p><a href=\"https:\/\/boletimoficial.ufms.br\/bse\/publicacao?id=564874\">Regulamento Geral dos Cursos de P\u00f3s-Gradua\u00e7\u00e3o Stricto Sensu (RESOLU\u00c7\u00c3O N\u00ba 1.035-COPP\/UFMS, DE 23 DE JUNHO DE 2025)<\/a><\/p>\n<p><a href=\"https:\/\/www.ufms.br\/wp-content\/uploads\/2021\/12\/RESOLUCAO-COUN-n-137-de-29-10-2021..pdf\">Regimento Geral da UFMS<\/a><\/p>\n<a href=\"https:\/\/ppgep-faeng.ufms.br\/files\/2026\/02\/regulamento_ppgep_2026_v3.pdf\" class=\"pdfemb-viewer\" style=\"\" data-width=\"max\" data-height=\"max\" data-toolbar=\"bottom\" data-toolbar-fixed=\"off\">regulamento_ppgep_2026_v3<\/a>\n<p>&nbsp;<\/p>\n","protected":false},"excerpt":{"rendered":"<p>Regulamentos Regulamento do curso de Mestrado em Engenharia de Produ\u00e7\u00e3o PPGEP\/FAENG Normas Regulamento Geral dos Cursos de P\u00f3s-Gradua\u00e7\u00e3o Stricto Sensu (RESOLU\u00c7\u00c3O N\u00ba 1.035-COPP\/UFMS, DE 23 DE JUNHO DE 2025) Regimento Geral da UFMS &nbsp;<\/p>\n","protected":false},"author":3073,"featured_media":0,"parent":0,"menu_order":0,"comment_status":"closed","ping_status":"closed","template":"","meta":{"footnotes":""},"coauthors":[8],"class_list":["post-148","page","type-page","status-publish","hentry"],"_links":{"self":[{"href":"https:\/\/ppgep-faeng.ufms.br\/en\/wp-json\/wp\/v2\/pages\/148","targetHints":{"allow":["GET"]}}],"collection":[{"href":"https:\/\/ppgep-faeng.ufms.br\/en\/wp-json\/wp\/v2\/pages"}],"about":[{"href":"https:\/\/ppgep-faeng.ufms.br\/en\/wp-json\/wp\/v2\/types\/page"}],"author":[{"embeddable":true,"href":"https:\/\/ppgep-faeng.ufms.br\/en\/wp-json\/wp\/v2\/users\/3073"}],"replies":[{"embeddable":true,"href":"https:\/\/ppgep-faeng.ufms.br\/en\/wp-json\/wp\/v2\/comments?post=148"}],"version-history":[{"count":3,"href":"https:\/\/ppgep-faeng.ufms.br\/en\/wp-json\/wp\/v2\/pages\/148\/revisions"}],"predecessor-version":[{"id":362,"href":"https:\/\/ppgep-faeng.ufms.br\/en\/wp-json\/wp\/v2\/pages\/148\/revisions\/362"}],"wp:attachment":[{"href":"https:\/\/ppgep-faeng.ufms.br\/en\/wp-json\/wp\/v2\/media?parent=148"}],"wp:term":[{"taxonomy":"author","embeddable":true,"href":"https:\/\/ppgep-faeng.ufms.br\/en\/wp-json\/wp\/v2\/coauthors?post=148"}],"curies":[{"name":"wp","href":"https:\/\/api.w.org\/{rel}","templated":true}]}}