{"id":110,"date":"2024-07-22T17:03:00","date_gmt":"2024-07-22T21:03:00","guid":{"rendered":"https:\/\/ppgep-faeng.ufms.br\/?page_id=110"},"modified":"2024-09-05T16:31:12","modified_gmt":"2024-09-05T20:31:12","slug":"contatos-ppgep-faeng","status":"publish","type":"page","link":"https:\/\/ppgep-faeng.ufms.br\/en\/contatos-ppgep-faeng\/","title":{"rendered":"Contato"},"content":{"rendered":"<p>Contatos PPGEP\/FAENG:<\/p>\n<table style=\"height: 46px;width: 43.0357%;border-collapse: collapse;border-style: solid;border-color: #000000\">\n<tbody>\n<tr style=\"border-color: #000000;border-style: solid\">\n<td style=\"width: 35.1382%;height: 24px;border-style: solid;border-color: #000000\">E-mail<\/td>\n<td style=\"width: 24.8731%;height: 24px\">ppgep.faeng@ufms.br<\/td>\n<\/tr>\n<tr style=\"border-color: #000000;border-style: solid\">\n<td style=\"width: 35.1382%;height: 22px;border-style: solid;border-color: #000000\">WhatsApp Coordena\u00e7\u00e3o<\/td>\n<td style=\"width: 24.8731%;height: 22px\"><a href=\"https:\/\/wa.me\/message\/EEMAW5CGCBMVN1\">3345-7707<\/a><\/td>\n<\/tr>\n<tr style=\"border-color: #000000;border-style: solid\">\n<td style=\"width: 35.1382%;border-style: solid;border-color: #000000\">WhatsApp Secretaria<\/td>\n<td style=\"width: 24.8731%\">Em manuten\u00e7\u00e3o<\/td>\n<\/tr>\n<\/tbody>\n<\/table>\n","protected":false},"excerpt":{"rendered":"<p>Contatos PPGEP\/FAENG: E-mail ppgep.faeng@ufms.br WhatsApp Coordena\u00e7\u00e3o 3345-7707 WhatsApp Secretaria Em manuten\u00e7\u00e3o<\/p>\n","protected":false},"author":3073,"featured_media":0,"parent":0,"menu_order":0,"comment_status":"closed","ping_status":"closed","template":"","meta":{"footnotes":""},"coauthors":[],"class_list":["post-110","page","type-page","status-publish","hentry"],"_links":{"self":[{"href":"https:\/\/ppgep-faeng.ufms.br\/en\/wp-json\/wp\/v2\/pages\/110","targetHints":{"allow":["GET"]}}],"collection":[{"href":"https:\/\/ppgep-faeng.ufms.br\/en\/wp-json\/wp\/v2\/pages"}],"about":[{"href":"https:\/\/ppgep-faeng.ufms.br\/en\/wp-json\/wp\/v2\/types\/page"}],"author":[{"embeddable":true,"href":"https:\/\/ppgep-faeng.ufms.br\/en\/wp-json\/wp\/v2\/users\/3073"}],"replies":[{"embeddable":true,"href":"https:\/\/ppgep-faeng.ufms.br\/en\/wp-json\/wp\/v2\/comments?post=110"}],"version-history":[{"count":6,"href":"https:\/\/ppgep-faeng.ufms.br\/en\/wp-json\/wp\/v2\/pages\/110\/revisions"}],"predecessor-version":[{"id":167,"href":"https:\/\/ppgep-faeng.ufms.br\/en\/wp-json\/wp\/v2\/pages\/110\/revisions\/167"}],"wp:attachment":[{"href":"https:\/\/ppgep-faeng.ufms.br\/en\/wp-json\/wp\/v2\/media?parent=110"}],"wp:term":[{"taxonomy":"author","embeddable":true,"href":"https:\/\/ppgep-faeng.ufms.br\/en\/wp-json\/wp\/v2\/coauthors?post=110"}],"curies":[{"name":"wp","href":"https:\/\/api.w.org\/{rel}","templated":true}]}}